{"id":7931,"date":"2023-10-27T01:45:09","date_gmt":"2023-10-27T00:45:09","guid":{"rendered":"https:\/\/euromedic.rs\/pregledi\/?page_id=7931"},"modified":"2024-04-20T10:55:52","modified_gmt":"2024-04-20T09:55:52","slug":"karijera-2","status":"publish","type":"page","link":"https:\/\/euromedic.rs\/pregledi\/karijera-2\/","title":{"rendered":"Karijera"},"content":{"rendered":"<p>[vc_row css=&#8221;.vc_custom_1620378004673{padding-top: 60px !important;padding-bottom: 60px !important;background-image: url(https:\/\/euromedic.rs\/pregledi\/wp-content\/uploads\/2019\/11\/header-background.jpg?id=4845) !important;background-position: center !important;background-repeat: no-repeat !important;background-size: cover !important;}&#8221;][vc_column align=&#8221;text-center&#8221;]<style>.ld_fancy_heading_69d267d96bb6a h1{color:rgb(255, 255, 255);}.ld_fancy_heading_69d267d96bb6a h1 {padding-top:0px !important; padding-bottom:0px !important;  } .ld_fancy_heading_69d267d96bb6a h1 {margin-top:0px !important; margin-bottom:0px !important;  } .ld_fancy_heading_69d267d96bb6a .lqd-highlight-inner{height:0.275em;bottom:0px;}.ld_fancy_heading_69d267d96bb6a h1 {padding-top:0px !important; padding-bottom:0px !important;  } .ld_fancy_heading_69d267d96bb6a h1 {margin-top:0px !important; margin-bottom:0px !important;  } <\/style><div class=\"ld-fancy-heading text-uppercase h3 karijera-naslov ld_fancy_heading_69d267d96bb6a\">\n\t<h1 class=\"lqd-highlight-underline lqd-highlight-grow-left\" ><span class=\"ld-fh-txt\"> {lat_to_cyr}Zaposlenje u Euromediku{\/lat_to_cyr}<\/span><\/h1><\/div><style>.ld_fancy_heading_69d267d96c077 p{font-size:22px;color:rgb(255, 255, 255);}.ld_fancy_heading_69d267d96c077 .lqd-highlight-inner{height:0.275em;bottom:0px;}<\/style><div class=\"ld-fancy-heading ld_fancy_heading_69d267d96c077\">\n\t<p class=\"lqd-highlight-underline lqd-highlight-grow-left\" ><span class=\"ld-fh-txt\"> {lat_to_cyr}Euromedik je najve\u0107i privatni zdravstveni sistem u Srbiji osnovan 2002. godine, u kome vi\u0161e od 850 stalno zaposlenih i veliki broj konsultanata okuplja zajedni\u010dka ideja: da na\u0161im pacijentima pru\u017eimo najadekvatniju zdravstvenu uslugu, po najpovoljnijim uslovima, a da se na poslu prijatno ose\u0107amo, kolegijalno poma\u017eemo i kontinuirano stru\u010dno usavr\u0161avamo.{\/lat_to_cyr}<\/span><\/p><\/div><style>.ld_fancy_heading_69d267d96c1b5 p{font-size:22px;color:rgb(255, 255, 255);}.ld_fancy_heading_69d267d96c1b5 p {margin-top:30px !important;  } .ld_fancy_heading_69d267d96c1b5 .lqd-highlight-inner{height:0.275em;bottom:0px;}.ld_fancy_heading_69d267d96c1b5 p {margin-top:30px !important;  } <\/style><div class=\"ld-fancy-heading ld_fancy_heading_69d267d96c1b5\">\n\t<p class=\"lqd-highlight-underline lqd-highlight-grow-left\" ><span class=\"ld-fh-txt\"> {lat_to_cyr}Euromedikova misija je:<br \/>\n<strong>ZADOVOLJAN PACIJENT, ZADOVOLJNI ZAPOSLENI, ZADOVOLJAN EUROMEDIK.<\/strong>{\/lat_to_cyr}<\/span><\/p><\/div>[\/vc_column][\/vc_row][vc_row css=&#8221;.vc_custom_1620376058310{padding-top: 60px !important;padding-bottom: 60px !important;}&#8221;][vc_column width=&#8221;2\/3&#8243; align=&#8221;text-center&#8221; offset=&#8221;vc_col-md-offset-3 vc_col-md-6 vc_col-sm-offset-2&#8243;]<style>.ld_fancy_heading_69d267d96c305 p{font-size:22px;color:rgb(191, 12, 21);}.ld_fancy_heading_69d267d96c305 .lqd-highlight-inner{height:0.275em;bottom:0px;}<\/style><div class=\"ld-fancy-heading ld_fancy_heading_69d267d96c305\">\n\t<p class=\"lqd-highlight-underline lqd-highlight-grow-left\" ><span class=\"ld-fh-txt\"> {lat_to_cyr}Ukoliko smatrate da ste ba\u0161 Vi prava osoba za na\u0161 tim, molimo Vas da za posao aplicirate tako \u0161to \u0107ete nam poslati Va\u0161 CV na e-mail adresu: <strong><a style=\"text-decoration: none\" href=\"mailto:konkurseuromedik@gmail.com\">konkurseuromedik@gmail.com<\/a><\/strong>.{\/lat_to_cyr}<\/span><\/p><\/div><style>.ld_fancy_heading_69d267d96c4e1 p{font-size:22px;color:rgb(191, 12, 21);}.ld_fancy_heading_69d267d96c4e1 p {padding-top:0px !important; padding-bottom:0px !important;  } .ld_fancy_heading_69d267d96c4e1 p {margin-top:30px !important; margin-bottom:0px !important;  } .ld_fancy_heading_69d267d96c4e1 .lqd-highlight-inner{height:0.275em;bottom:0px;}.ld_fancy_heading_69d267d96c4e1 p {padding-top:0px !important; padding-bottom:0px !important;  } .ld_fancy_heading_69d267d96c4e1 p {margin-top:30px !important; margin-bottom:0px !important;  } <\/style><div class=\"ld-fancy-heading ld_fancy_heading_69d267d96c4e1\">\n\t<p class=\"lqd-highlight-underline lqd-highlight-grow-left\" ><span class=\"ld-fh-txt\"> {lat_to_cyr}Uveravamo Vas da \u0107emo svaki CV sa posebnom pa\u017enjom obraditi.{\/lat_to_cyr}<\/span><\/p><\/div>[\/vc_column][\/vc_row][vc_section full_width=&#8221;stretch_row_content&#8221;][vc_row full_width=&#8221;stretch_row&#8221; gap=&#8221;0&#8243; equal_height=&#8221;yes&#8221; content_placement=&#8221;middle&#8221;][vc_column css=&#8221;.vc_custom_1620378317316{background-image: url(https:\/\/euromedic.rs\/pregledi\/wp-content\/uploads\/2021\/05\/sidebar-background.png?id=7626) !important;background-position: center !important;background-repeat: no-repeat !important;background-size: cover !important;}&#8221; offset=&#8221;vc_col-md-7&#8243; el_class=&#8221;min-h-600&#8243;][vc_row_inner][vc_column_inner offset=&#8221;vc_col-lg-offset-2 vc_col-lg-8&#8243; el_class=&#8221;karijera-inner&#8221;]<style>.ld_fancy_heading_69d267d96c614 h3{color:rgb(255, 255, 255);}.ld_fancy_heading_69d267d96c614 .lqd-highlight-inner{height:0.275em;bottom:0px;}<\/style><div class=\"ld-fancy-heading ld_fancy_heading_69d267d96c614\">\n\t<h3 class=\"lqd-highlight-underline lqd-highlight-grow-left\" ><span class=\"ld-fh-txt\"> {lat_to_cyr}<strong>Prijavite se za radno mesto:<\/strong>{\/lat_to_cyr}<\/span><\/h3><\/div><style>.ld_fancy_heading_69d267d96c73b p{font-size:22px;color:rgb(255, 255, 255);}.ld_fancy_heading_69d267d96c73b .lqd-highlight-inner{height:0.275em;bottom:0px;}<\/style><div class=\"ld-fancy-heading ld_fancy_heading_69d267d96c73b\">\n\t<p class=\"lqd-highlight-underline lqd-highlight-grow-left\" ><span class=\"ld-fh-txt\"> {lat_to_cyr}1. <strong>Medicinski sistem Euromedik u Beogradu<\/strong>, raspisuje konkurs za zaposlenje 50 lekara specijalista svih specijalnosti. Minimalna zagarantovana plata od 200.000-400.000 rsd (zavisno od specijalizacije i iskustva). Mogu\u0107nost zna\u010dajno ve\u0107e zarade od minimalne, zavisno od rezultata. Diskrecija prijave zagarantovana.<\/p>\n<p>2. <strong>Medicinski sistem Euromedik u Beogradu<\/strong>, raspisuje konkurs za zaposlenje 50 lekara na zav\u0161noj godini svih specijalizacija. Minimalna zagarantovana plata od 130.000-220.000 rsd (zavisno od specijalizacije i iskustva). Nakon specijalizacije plata od 200.000-400.000 rsd. Mogu\u0107nost zna\u010dajno ve\u0107e zarade od minimalne, zavisno od rezultata. Diskrecija prijave zagarantovana.<\/p>\n<p>3. <strong>Medicinska sestra tehni\u010dar u ambulatno-poliklini\u010dkoj slu\u017ebi<\/strong> &#8211; minimalno zagarantovana zarada 85.000-100.000 RSD.<br \/>\n4. <strong>Medicinska sestra tehni\u010dar u stacionaru<\/strong> &#8211; minimalno zagarantovana zarada 110.000-120.000 RSD.<br \/>\n5. <strong>Medicinska sestra anesteti\u010dar ili instrumentar<\/strong> &#8211; minimalna zagarantovana zarada 120.000 &#8211; 125.000 RSD. Pripravni\u010dki stra\u017e za medicinske sestre-tehni\u010dare se tako\u0111e mo\u017ee obavljati u na\u0161oj ustanovi.<br \/>\n6. <strong>Laboratorijski tehni\u010dar <\/strong>&#8211; sa minimum 2 godine radnog iskustva. Minimalno zagarantovana zarada od 90.000 dinara.<br \/>\n7. <strong>Higijeni\u010darka za rad u dnevnim i no\u0107nim smenama<\/strong> &#8211; zagarantovana zarada 75.000 RSD.{\/lat_to_cyr}<\/span><\/p><\/div>[\/vc_column_inner][\/vc_row_inner][\/vc_column][vc_column css=&#8221;.vc_custom_1620379428920{background-image: url(https:\/\/euromedic.rs\/pregledi\/wp-content\/uploads\/2021\/05\/karijera-fotografija-e1620377931590.jpg?id=7628) !important;background-position: center !important;background-repeat: no-repeat !important;background-size: cover !important;}&#8221; offset=&#8221;vc_col-md-5&#8243; el_class=&#8221;karijera-bg-img&#8221;][\/vc_column][\/vc_row][\/vc_section][vc_row css=&#8221;.vc_custom_1620376099349{padding-top: 60px !important;padding-bottom: 60px !important;}&#8221;][vc_column width=&#8221;2\/3&#8243; align=&#8221;text-center&#8221; offset=&#8221;vc_col-lg-offset-4 vc_col-lg-4 vc_col-md-offset-3 vc_col-md-6 vc_col-sm-offset-2&#8243;]<style>.ld_fancy_heading_69d267d96c8f8 p{font-size:22px;color:rgb(191, 12, 21);}.ld_fancy_heading_69d267d96c8f8 .lqd-highlight-inner{height:0.275em;bottom:0px;}<\/style><div class=\"ld-fancy-heading ld_fancy_heading_69d267d96c8f8\">\n\t<p class=\"lqd-highlight-underline lqd-highlight-grow-left\" ><span class=\"ld-fh-txt\"> {lat_to_cyr}Zahvaljujemo se na prijavama.<br \/>\nRadujemo se pro\u0161irenju na\u0161eg tima!{\/lat_to_cyr}<\/span><\/p><\/div><style>.ld_fancy_heading_69d267d96ca14 p{font-size:22px;color:rgb(191, 12, 21);}.ld_fancy_heading_69d267d96ca14 p {padding-top:0px !important; padding-bottom:0px !important;  } .ld_fancy_heading_69d267d96ca14 p {margin-top:30px !important; margin-bottom:0px !important;  } .ld_fancy_heading_69d267d96ca14 .lqd-highlight-inner{height:0.275em;bottom:0px;}.ld_fancy_heading_69d267d96ca14 p {padding-top:0px !important; padding-bottom:0px !important;  } .ld_fancy_heading_69d267d96ca14 p {margin-top:30px !important; margin-bottom:0px !important;  } <\/style><div class=\"ld-fancy-heading ld_fancy_heading_69d267d96ca14\">\n\t<p class=\"lqd-highlight-underline lqd-highlight-grow-left\" ><span class=\"ld-fh-txt\"> {lat_to_cyr}S po\u0161tovanjem,<br \/>\nUprava Euromedika{\/lat_to_cyr}<\/span><\/p><\/div>[\/vc_column][\/vc_row]<\/p>\n","protected":false},"excerpt":{"rendered":"<p>[vc_row css=&#8221;.vc_custom_1620378004673{padding-top: 60px !important;padding-bottom: 60px !important;background-image: url(https:\/\/euromedic.rs\/pregledi\/wp-content\/uploads\/2019\/11\/header-background.jpg?id=4845) !important;background-position: center !important;background-repeat: no-repeat !important;background-size: cover !important;}&#8221;][vc_column align=&#8221;text-center&#8221;][\/vc_column][\/vc_row][vc_row&#8230;<\/p>\n","protected":false},"author":1,"featured_media":7628,"parent":0,"menu_order":0,"comment_status":"closed","ping_status":"closed","template":"","meta":{"inline_featured_image":false,"footnotes":""},"class_list":["post-7931","page","type-page","status-publish","has-post-thumbnail","hentry"],"yoast_head":"<!-- This site is optimized with the Yoast SEO plugin v23.2 - https:\/\/yoast.com\/wordpress\/plugins\/seo\/ -->\n<title>Zaposlenje u Euromediku | Najve\u0107a privatna zdravstvena institucija | Euromedik<\/title>\n<meta name=\"description\" content=\"Na jednom mestu obezbe\u0111ena Vam je najkvalitetnija medicinska pomo\u0107 od strane vode\u0107ih specijalista i subspecijalista iz gotovo svih oblasti savremene medicine.\" \/>\n<meta name=\"robots\" content=\"index, follow, max-snippet:-1, max-image-preview:large, max-video-preview:-1\" \/>\n<link rel=\"canonical\" href=\"https:\/\/euromedic.rs\/pregledi\/karijera-2\/\" \/>\n<meta property=\"og:locale\" content=\"sr_RS\" \/>\n<meta property=\"og:type\" content=\"article\" \/>\n<meta property=\"og:title\" content=\"Zaposlenje u Euromediku | Najve\u0107a privatna zdravstvena institucija | Euromedik\" \/>\n<meta property=\"og:description\" content=\"Na jednom mestu obezbe\u0111ena Vam je najkvalitetnija medicinska pomo\u0107 od strane vode\u0107ih specijalista i subspecijalista iz gotovo svih oblasti savremene medicine.\" \/>\n<meta property=\"og:url\" content=\"https:\/\/euromedic.rs\/pregledi\/karijera-2\/\" \/>\n<meta property=\"og:site_name\" content=\"Euromedik\" \/>\n<meta property=\"article:modified_time\" content=\"2024-04-20T09:55:52+00:00\" \/>\n<meta property=\"og:image\" content=\"https:\/\/euromedic.rs\/pregledi\/wp-content\/uploads\/2021\/05\/karijera-fotografija-e1620377931590.jpg\" \/>\n\t<meta property=\"og:image:width\" content=\"1281\" \/>\n\t<meta property=\"og:image:height\" content=\"895\" \/>\n\t<meta property=\"og:image:type\" content=\"image\/jpeg\" \/>\n<meta name=\"twitter:card\" content=\"summary_large_image\" \/>\n<meta name=\"twitter:label1\" content=\"\u041f\u0440\u043e\u0446\u0435\u045a\u0435\u043d\u043e \u0432\u0440\u0435\u043c\u0435 \u0447\u0438\u0442\u0430\u045a\u0430\" \/>\n\t<meta name=\"twitter:data1\" content=\"4 \u043c\u0438\u043d\u0443\u0442\u0430\" \/>\n<script type=\"application\/ld+json\" class=\"yoast-schema-graph\">{\"@context\":\"https:\/\/schema.org\",\"@graph\":[{\"@type\":\"WebPage\",\"@id\":\"https:\/\/euromedic.rs\/pregledi\/karijera-2\/\",\"url\":\"https:\/\/euromedic.rs\/pregledi\/karijera-2\/\",\"name\":\"Zaposlenje u Euromediku | Najve\u0107a privatna zdravstvena institucija | Euromedik\",\"isPartOf\":{\"@id\":\"https:\/\/euromedic.rs\/pregledi\/#website\"},\"primaryImageOfPage\":{\"@id\":\"https:\/\/euromedic.rs\/pregledi\/karijera-2\/#primaryimage\"},\"image\":{\"@id\":\"https:\/\/euromedic.rs\/pregledi\/karijera-2\/#primaryimage\"},\"thumbnailUrl\":\"https:\/\/euromedic.rs\/pregledi\/wp-content\/uploads\/2021\/05\/karijera-fotografija-e1620377931590.jpg\",\"datePublished\":\"2023-10-27T00:45:09+00:00\",\"dateModified\":\"2024-04-20T09:55:52+00:00\",\"description\":\"Na jednom mestu obezbe\u0111ena Vam je najkvalitetnija medicinska pomo\u0107 od strane vode\u0107ih specijalista i subspecijalista iz gotovo svih oblasti savremene medicine.\",\"breadcrumb\":{\"@id\":\"https:\/\/euromedic.rs\/pregledi\/karijera-2\/#breadcrumb\"},\"inLanguage\":\"sr-RS\",\"potentialAction\":[{\"@type\":\"ReadAction\",\"target\":[\"https:\/\/euromedic.rs\/pregledi\/karijera-2\/\"]}]},{\"@type\":\"ImageObject\",\"inLanguage\":\"sr-RS\",\"@id\":\"https:\/\/euromedic.rs\/pregledi\/karijera-2\/#primaryimage\",\"url\":\"https:\/\/euromedic.rs\/pregledi\/wp-content\/uploads\/2021\/05\/karijera-fotografija-e1620377931590.jpg\",\"contentUrl\":\"https:\/\/euromedic.rs\/pregledi\/wp-content\/uploads\/2021\/05\/karijera-fotografija-e1620377931590.jpg\",\"width\":1281,\"height\":895},{\"@type\":\"BreadcrumbList\",\"@id\":\"https:\/\/euromedic.rs\/pregledi\/karijera-2\/#breadcrumb\",\"itemListElement\":[{\"@type\":\"ListItem\",\"position\":1,\"name\":\"Pregledi\",\"item\":\"https:\/\/euromedic.rs\/pregledi\/\"},{\"@type\":\"ListItem\",\"position\":2,\"name\":\"Karijera\"}]},{\"@type\":\"WebSite\",\"@id\":\"https:\/\/euromedic.rs\/pregledi\/#website\",\"url\":\"https:\/\/euromedic.rs\/pregledi\/\",\"name\":\"Euromedik\",\"description\":\"Vi\u0161egradska, Slavija, Cviji\u0107eva, Novi Beograd, Zemun, Banovo Brdo, Vo\u017edovac. Kompletna dijagnostika. Najsavremenija oprema. Specijalisti\u010dki pregledi.\",\"potentialAction\":[{\"@type\":\"SearchAction\",\"target\":{\"@type\":\"EntryPoint\",\"urlTemplate\":\"https:\/\/euromedic.rs\/pregledi\/?s={search_term_string}\"},\"query-input\":\"required name=search_term_string\"}],\"inLanguage\":\"sr-RS\"}]}<\/script>\n<!-- \/ Yoast SEO plugin. -->","yoast_head_json":{"title":"Zaposlenje u Euromediku | Najve\u0107a privatna zdravstvena institucija | Euromedik","description":"Na jednom mestu obezbe\u0111ena Vam je najkvalitetnija medicinska pomo\u0107 od strane vode\u0107ih specijalista i subspecijalista iz gotovo svih oblasti savremene medicine.","robots":{"index":"index","follow":"follow","max-snippet":"max-snippet:-1","max-image-preview":"max-image-preview:large","max-video-preview":"max-video-preview:-1"},"canonical":"https:\/\/euromedic.rs\/pregledi\/karijera-2\/","og_locale":"sr_RS","og_type":"article","og_title":"Zaposlenje u Euromediku | Najve\u0107a privatna zdravstvena institucija | Euromedik","og_description":"Na jednom mestu obezbe\u0111ena Vam je najkvalitetnija medicinska pomo\u0107 od strane vode\u0107ih specijalista i subspecijalista iz gotovo svih oblasti savremene medicine.","og_url":"https:\/\/euromedic.rs\/pregledi\/karijera-2\/","og_site_name":"Euromedik","article_modified_time":"2024-04-20T09:55:52+00:00","og_image":[{"width":1281,"height":895,"url":"https:\/\/euromedic.rs\/pregledi\/wp-content\/uploads\/2021\/05\/karijera-fotografija-e1620377931590.jpg","type":"image\/jpeg"}],"twitter_card":"summary_large_image","twitter_misc":{"\u041f\u0440\u043e\u0446\u0435\u045a\u0435\u043d\u043e \u0432\u0440\u0435\u043c\u0435 \u0447\u0438\u0442\u0430\u045a\u0430":"4 \u043c\u0438\u043d\u0443\u0442\u0430"},"schema":{"@context":"https:\/\/schema.org","@graph":[{"@type":"WebPage","@id":"https:\/\/euromedic.rs\/pregledi\/karijera-2\/","url":"https:\/\/euromedic.rs\/pregledi\/karijera-2\/","name":"Zaposlenje u Euromediku | Najve\u0107a privatna zdravstvena institucija | Euromedik","isPartOf":{"@id":"https:\/\/euromedic.rs\/pregledi\/#website"},"primaryImageOfPage":{"@id":"https:\/\/euromedic.rs\/pregledi\/karijera-2\/#primaryimage"},"image":{"@id":"https:\/\/euromedic.rs\/pregledi\/karijera-2\/#primaryimage"},"thumbnailUrl":"https:\/\/euromedic.rs\/pregledi\/wp-content\/uploads\/2021\/05\/karijera-fotografija-e1620377931590.jpg","datePublished":"2023-10-27T00:45:09+00:00","dateModified":"2024-04-20T09:55:52+00:00","description":"Na jednom mestu obezbe\u0111ena Vam je najkvalitetnija medicinska pomo\u0107 od strane vode\u0107ih specijalista i subspecijalista iz gotovo svih oblasti savremene medicine.","breadcrumb":{"@id":"https:\/\/euromedic.rs\/pregledi\/karijera-2\/#breadcrumb"},"inLanguage":"sr-RS","potentialAction":[{"@type":"ReadAction","target":["https:\/\/euromedic.rs\/pregledi\/karijera-2\/"]}]},{"@type":"ImageObject","inLanguage":"sr-RS","@id":"https:\/\/euromedic.rs\/pregledi\/karijera-2\/#primaryimage","url":"https:\/\/euromedic.rs\/pregledi\/wp-content\/uploads\/2021\/05\/karijera-fotografija-e1620377931590.jpg","contentUrl":"https:\/\/euromedic.rs\/pregledi\/wp-content\/uploads\/2021\/05\/karijera-fotografija-e1620377931590.jpg","width":1281,"height":895},{"@type":"BreadcrumbList","@id":"https:\/\/euromedic.rs\/pregledi\/karijera-2\/#breadcrumb","itemListElement":[{"@type":"ListItem","position":1,"name":"Pregledi","item":"https:\/\/euromedic.rs\/pregledi\/"},{"@type":"ListItem","position":2,"name":"Karijera"}]},{"@type":"WebSite","@id":"https:\/\/euromedic.rs\/pregledi\/#website","url":"https:\/\/euromedic.rs\/pregledi\/","name":"Euromedik","description":"Vi\u0161egradska, Slavija, Cviji\u0107eva, Novi Beograd, Zemun, Banovo Brdo, Vo\u017edovac. Kompletna dijagnostika. Najsavremenija oprema. Specijalisti\u010dki pregledi.","potentialAction":[{"@type":"SearchAction","target":{"@type":"EntryPoint","urlTemplate":"https:\/\/euromedic.rs\/pregledi\/?s={search_term_string}"},"query-input":"required name=search_term_string"}],"inLanguage":"sr-RS"}]}},"_links":{"self":[{"href":"https:\/\/euromedic.rs\/pregledi\/wp-json\/wp\/v2\/pages\/7931","targetHints":{"allow":["GET"]}}],"collection":[{"href":"https:\/\/euromedic.rs\/pregledi\/wp-json\/wp\/v2\/pages"}],"about":[{"href":"https:\/\/euromedic.rs\/pregledi\/wp-json\/wp\/v2\/types\/page"}],"author":[{"embeddable":true,"href":"https:\/\/euromedic.rs\/pregledi\/wp-json\/wp\/v2\/users\/1"}],"replies":[{"embeddable":true,"href":"https:\/\/euromedic.rs\/pregledi\/wp-json\/wp\/v2\/comments?post=7931"}],"version-history":[{"count":8,"href":"https:\/\/euromedic.rs\/pregledi\/wp-json\/wp\/v2\/pages\/7931\/revisions"}],"predecessor-version":[{"id":7933,"href":"https:\/\/euromedic.rs\/pregledi\/wp-json\/wp\/v2\/pages\/7931\/revisions\/7933"}],"wp:featuredmedia":[{"embeddable":true,"href":"https:\/\/euromedic.rs\/pregledi\/wp-json\/wp\/v2\/media\/7628"}],"wp:attachment":[{"href":"https:\/\/euromedic.rs\/pregledi\/wp-json\/wp\/v2\/media?parent=7931"}],"curies":[{"name":"wp","href":"https:\/\/api.w.org\/{rel}","templated":true}]}}